{"id":78,"date":"2025-11-27T10:52:55","date_gmt":"2025-11-27T10:52:55","guid":{"rendered":"https:\/\/www.martialdurantplombiersevres.fr\/?page_id=78"},"modified":"2025-11-27T15:56:44","modified_gmt":"2025-11-27T15:56:44","slug":"devis-plombier","status":"publish","type":"page","link":"https:\/\/www.martialdurantplombiersevres.fr\/index.php\/devis-plombier\/","title":{"rendered":"Devis Plombier"},"content":{"rendered":"\t\t<div data-elementor-type=\"wp-page\" data-elementor-id=\"78\" class=\"elementor elementor-78\">\n\t\t\t\t<div class=\"elementor-element elementor-element-12c2928d whatsappid e-flex e-con-boxed e-con e-parent\" data-id=\"12c2928d\" data-element_type=\"container\" data-settings=\"{&quot;background_background&quot;:&quot;classic&quot;}\">\n\t\t\t\t\t<div class=\"e-con-inner\">\n\t\t\t\t<div class=\"elementor-element elementor-element-7881b1cd elementor-widget elementor-widget-text-editor\" data-id=\"7881b1cd\" data-element_type=\"widget\" data-widget_type=\"text-editor.default\">\n\t\t\t\t\t\t\t\t\t<h4><strong>Devis gratuit par Whatsapp!<\/strong><\/h4>\t\t\t\t\t\t\t\t<\/div>\n\t\t\t\t<div class=\"elementor-element elementor-element-6cca7728 elementor-view-stacked elementor-shape-circle elementor-widget elementor-widget-icon\" data-id=\"6cca7728\" data-element_type=\"widget\" data-widget_type=\"icon.default\">\n\t\t\t\t\t\t\t<div class=\"elementor-icon-wrapper\">\n\t\t\t<a class=\"elementor-icon\" href=\"https:\/\/wa.me\/33658786170\">\n\t\t\t<svg aria-hidden=\"true\" class=\"e-font-icon-svg e-fab-whatsapp\" viewBox=\"0 0 448 512\" xmlns=\"http:\/\/www.w3.org\/2000\/svg\"><path d=\"M380.9 97.1C339 55.1 283.2 32 223.9 32c-122.4 0-222 99.6-222 222 0 39.1 10.2 77.3 29.6 111L0 480l117.7-30.9c32.4 17.7 68.9 27 106.1 27h.1c122.3 0 224.1-99.6 224.1-222 0-59.3-25.2-115-67.1-157zm-157 341.6c-33.2 0-65.7-8.9-94-25.7l-6.7-4-69.8 18.3L72 359.2l-4.4-7c-18.5-29.4-28.2-63.3-28.2-98.2 0-101.7 82.8-184.5 184.6-184.5 49.3 0 95.6 19.2 130.4 54.1 34.8 34.9 56.2 81.2 56.1 130.5 0 101.8-84.9 184.6-186.6 184.6zm101.2-138.2c-5.5-2.8-32.8-16.2-37.9-18-5.1-1.9-8.8-2.8-12.5 2.8-3.7 5.6-14.3 18-17.6 21.8-3.2 3.7-6.5 4.2-12 1.4-32.6-16.3-54-29.1-75.5-66-5.7-9.8 5.7-9.1 16.3-30.3 1.8-3.7.9-6.9-.5-9.7-1.4-2.8-12.5-30.1-17.1-41.2-4.5-10.8-9.1-9.3-12.5-9.5-3.2-.2-6.9-.2-10.6-.2-3.7 0-9.7 1.4-14.8 6.9-5.1 5.6-19.4 19-19.4 46.3 0 27.3 19.9 53.7 22.6 57.4 2.8 3.7 39.1 59.7 94.8 83.8 35.2 15.2 49 16.5 66.6 13.9 10.7-1.6 32.8-13.4 37.4-26.4 4.6-13 4.6-24.1 3.2-26.4-1.3-2.5-5-3.9-10.5-6.6z\"><\/path><\/svg>\t\t\t<\/a>\n\t\t<\/div>\n\t\t\t\t\t\t<\/div>\n\t\t\t\t\t<\/div>\n\t\t\t\t<\/div>\n\t\t<div class=\"elementor-element elementor-element-7b44bf4d e-flex e-con-boxed e-con e-parent\" data-id=\"7b44bf4d\" data-element_type=\"container\">\n\t\t\t\t\t<div class=\"e-con-inner\">\n\t\t\t\t<div class=\"elementor-element elementor-element-16971976 elementor-widget elementor-widget-image\" data-id=\"16971976\" data-element_type=\"widget\" data-widget_type=\"image.default\">\n\t\t\t\t\t\t\t\t\t\t\t\t\t\t\t<img fetchpriority=\"high\" decoding=\"async\" width=\"626\" height=\"376\" src=\"https:\/\/www.martialdurantplombiersevres.fr\/wp-content\/uploads\/2025\/11\/devis-du-plombier.avif\" class=\"attachment-large size-large wp-image-133\" alt=\"devis du plombier\" \/>\t\t\t\t\t\t\t\t\t\t\t\t\t\t\t<\/div>\n\t\t\t\t\t<\/div>\n\t\t\t\t<\/div>\n\t\t<div class=\"elementor-element elementor-element-868becd e-flex e-con-boxed e-con e-parent\" data-id=\"868becd\" data-element_type=\"container\">\n\t\t\t\t\t<div class=\"e-con-inner\">\n\t\t\t\t<div class=\"elementor-element elementor-element-640559dd elementor-widget elementor-widget-spacer\" data-id=\"640559dd\" data-element_type=\"widget\" data-widget_type=\"spacer.default\">\n\t\t\t\t\t\t\t<div class=\"elementor-spacer\">\n\t\t\t<div class=\"elementor-spacer-inner\"><\/div>\n\t\t<\/div>\n\t\t\t\t\t\t<\/div>\n\t\t\t\t\t<\/div>\n\t\t\t\t<\/div>\n\t\t<div class=\"elementor-element elementor-element-181e0a43 e-flex e-con-boxed e-con e-parent\" data-id=\"181e0a43\" data-element_type=\"container\">\n\t\t\t\t\t<div class=\"e-con-inner\">\n\t\t\t\t<div class=\"elementor-element elementor-element-12c26d49 elementor-widget elementor-widget-text-editor\" data-id=\"12c26d49\" data-element_type=\"widget\" data-widget_type=\"text-editor.default\">\n\t\t\t\t\t\t\t\t\t<div><div><div><div><p><strong>Besoin d&rsquo;un prix clair pour des travaux de plomberie \u00e0 S\u00e8vres ? Martial Durant, artisan plombier \u00e0 S\u00e8vres, vous propose un devis gratuit et sans engagement pour tous vos projets de plomberie.<\/strong><\/p><p>\ud83d\udccd\u00a0<strong>6 Rue Anne Amieux, 92310 S\u00e8vres<\/strong><br \/>\ud83d\udcde\u00a0<strong>07 80 96 20 10 &#8211; Devis imm\u00e9diat par t\u00e9l\u00e9phone<\/strong><\/p><hr \/><h2><strong>Devis Plomberie Personnalis\u00e9 en 3 \u00c9tapes<\/strong><\/h2><h3><strong>1. \ud83d\udcde Contact Rapide<\/strong><\/h3><p>Appelez Martial Durant au\u00a0<strong>07 80 96 20 10<\/strong>\u00a0ou formulaire en ligne<\/p><h3><strong>2. \ud83c\udfaf Diagnostic Pr\u00e9cis<\/strong><\/h3><p>\u00c9valuation projet par artisan exp\u00e9riment\u00e9<br \/>D\u00e9placement gratuit S\u00e8vres si n\u00e9cessaire<\/p><h3><strong>3. \ud83d\udccb Devis D\u00e9taill\u00e9<\/strong><\/h3><p>R\u00e9ception sous 2 heures<br \/>Devis transparent prix fixes<\/p><hr \/><h2><strong>Demande de Devis en Ligne<\/strong><\/h2><p><strong>Type de prestation :<\/strong><\/p><ul><li><p><strong>D\u00e9pannage urgent<\/strong>\u00a0(fuite, canalisation, WC)<\/p><\/li><li><p><strong>D\u00e9bouchage canalisation<\/strong><\/p><\/li><li><p><strong>Installation sanitaire<\/strong><\/p><\/li><li><p><strong>R\u00e9novation salle de bain<\/strong><\/p><\/li><li><p><strong>R\u00e9paration chauffe-eau<\/strong><\/p><\/li><li><p><strong>Autre projet<\/strong><\/p><\/li><\/ul><p><strong>D\u00e9lai souhait\u00e9 :<\/strong><\/p><ul><li><p><strong>Urgence<\/strong>\u00a0(sous 24h)<\/p><\/li><li><p><strong>Cette semaine<\/strong><\/p><\/li><li><p><strong>Sous 15 jours<\/strong><\/p><\/li><li><p><strong>Projet planifi\u00e9<\/strong><\/p><\/li><\/ul><hr \/><h2><strong>Exemples de Tarifs S\u00e8vres<\/strong><\/h2><p><strong>D\u00e9bouchage canalisation :<\/strong><\/p><ul><li><p>Intervention standard (1h) :\u00a0<strong>120\u20ac<\/strong><\/p><\/li><li><p>Furet \u00e9lectrique :\u00a0<strong>+80\u20ac<\/strong><\/p><\/li><\/ul><p><strong>R\u00e9paration fuite d&rsquo;eau :<\/strong><\/p><ul><li><p>Diagnostic et r\u00e9paration simple :\u00a0<strong>\u00c0 partir de 90\u20ac<\/strong><\/p><\/li><li><p>R\u00e9paration tuyauterie :\u00a0<strong>\u00c0 partir de 150\u20ac<\/strong><\/p><\/li><\/ul><p><strong>Installation sanitaire :<\/strong><\/p><ul><li><p>Pose robinet :\u00a0<strong>\u00c0 partir de 85\u20ac<\/strong><\/p><\/li><li><p>Installation WC :\u00a0<strong>\u00c0 partir de 200\u20ac<\/strong><\/p><\/li><\/ul><p><em>Devis personnalis\u00e9 gratuit &#8211; Prix TTC main d&rsquo;\u0153uvre incluse<\/em><\/p><hr \/><h2><strong>Pourquoi Choisir Martial Durant \u00e0 S\u00e8vres ?<\/strong><\/h2><p>\u2705\u00a0<strong>Artisan Local<\/strong>\u00a0&#8211; 6 Rue Anne Amieux<br \/>\u2705\u00a0<strong>Devis Gratuit<\/strong>\u00a0&#8211; Sans engagement<br \/>\u2705\u00a0<strong>Prix Fixes<\/strong>\u00a0&#8211; Aucun frais cach\u00e9<br \/>\u2705\u00a0<strong>Disponible 7j\/7<\/strong>\u00a0&#8211; Urgences et projets<br \/>\u2705\u00a0<strong>Expertise Compl\u00e8te<\/strong>\u00a0&#8211; D\u00e9pannage \u00e0 r\u00e9novation<\/p><hr \/><h2><strong>Domaines d&rsquo;Intervention<\/strong><\/h2><h3><strong>\ud83e\uddf0 D\u00e9pannage Urgent<\/strong><\/h3><ul><li><p>R\u00e9paration fuites<\/p><\/li><li><p>D\u00e9bouchage canalisations<\/p><\/li><li><p>R\u00e9paration chauffe-eau<\/p><\/li><li><p>D\u00e9pannage WC<\/p><\/li><\/ul><h3><strong>\ud83d\udebf R\u00e9novation Salle de Bain<\/strong><\/h3><ul><li><p>Installation sanitaire<\/p><\/li><li><p>Am\u00e9nagement douche\/baignoire<\/p><\/li><li><p>Plomberie compl\u00e8te<\/p><\/li><\/ul><h3><strong>\ud83d\udd27 Installation<\/strong><\/h3><ul><li><p>Pose chauffe-eau<\/p><\/li><li><p>Installation robinetterie<\/p><\/li><li><p>Entretien maintenance<\/p><\/li><\/ul><hr \/><h2><strong>Zone d&rsquo;Intervention<\/strong><\/h2><ul><li><p><strong>S\u00e8vres<\/strong>\u00a0(centre, quartiers)<\/p><\/li><li><p><strong>Saint-Cloud<\/strong><\/p><\/li><li><p><strong>Meudon<\/strong><\/p><\/li><li><p><strong>Chaville<\/strong><\/p><\/li><li><p><strong>Ville-d&rsquo;Avray<\/strong><\/p><\/li><li><p><strong>Tout le 92<\/strong><\/p><\/li><\/ul><hr \/><h2><strong>FAQ Devis Plomberie<\/strong><\/h2><h3><strong>\ud83d\udcb6 D\u00e9placement devis payant ?<\/strong><\/h3><p>Non, gratuit \u00e0 S\u00e8vres<\/p><h3><strong>\u23f1\ufe0f D\u00e9lai devis ?<\/strong><\/h3><p>Sous 2 heures plupart demandes<\/p><h3><strong>\ud83d\udee0\ufe0f Prix garantis ?<\/strong><\/h3><p>Devis valables 6 mois<\/p><h3><strong>\ud83d\udea8 Devis urgence ?<\/strong><\/h3><p>Oui, sous 1 heure<\/p><h3><strong>\ud83c\udfe0 Copropri\u00e9t\u00e9s ?<\/strong><\/h3><p>Oui, tous logements<\/p><hr \/><h2><strong>T\u00e9moignages Clients S\u00e8vres<\/strong><\/h2><p><em>\u00ab\u00a0Devis re\u00e7u en 1h pour fuite urgente. Prix correct, intervention rapide. Martial professionnel de confiance.\u00a0\u00bb<\/em>\u00a0&#8211;\u00a0<strong>Marie, S\u00e8vres centre<\/strong><\/p><p><em>\u00ab\u00a0Enfin plombier transparent ! Devis d\u00e9taill\u00e9, respect\u00e9. Je recommande.\u00a0\u00bb<\/em>\u00a0&#8211;\u00a0<strong>Pierre, Saint-Cloud<\/strong><\/p><p><em>\u00ab\u00a0Artisan s\u00e9rieux. Devis gratuit sans pression. Travail soign\u00e9.\u00a0\u00bb<\/em>\u00a0&#8211;\u00a0<strong>Sophie, Meudon<\/strong><\/p><hr \/><h2><strong>\ud83d\udcde DEVIS GRATUIT SANS ENGAGEMENT<\/strong><\/h2><p><strong>Martial Durant, votre artisan plombier de confiance \u00e0 S\u00e8vres, vous accompagne avec transparence.<\/strong><\/p><p><strong>\ud83d\udcde 07 80 96 20 10<\/strong><br \/><strong>\ud83d\udce7 [Formulaire contact en ligne]<\/strong><br \/><strong>\ud83d\udccd 6 Rue Anne Amieux, 92310 S\u00e8vres<\/strong><\/p><p><em>Artisan Plombier &#8211; Devis Gratuit &#8211; Prix Transparents &#8211; Intervention S\u00e8vres<\/em><\/p><\/div><\/div><div>\u00a0<\/div><div>\u00a0<\/div><\/div><\/div><div>\u00a0<\/div>\t\t\t\t\t\t\t\t<\/div>\n\t\t\t\t\t<\/div>\n\t\t\t\t<\/div>\n\t\t\t\t<\/div>\n\t\t","protected":false},"excerpt":{"rendered":"<p>Devis gratuit par Whatsapp! Besoin d&rsquo;un prix clair pour des travaux de plomberie \u00e0 S\u00e8vres ? Martial Durant, artisan plombier [&hellip;]<\/p>\n","protected":false},"author":1,"featured_media":0,"parent":0,"menu_order":0,"comment_status":"closed","ping_status":"closed","template":"","meta":{"site-sidebar-layout":"no-sidebar","site-content-layout":"","ast-site-content-layout":"full-width-container","site-content-style":"default","site-sidebar-style":"default","ast-global-header-display":"","ast-banner-title-visibility":"","ast-main-header-display":"","ast-hfb-above-header-display":"","ast-hfb-below-header-display":"","ast-hfb-mobile-header-display":"","site-post-title":"","ast-breadcrumbs-content":"","ast-featured-img":"disabled","footer-sml-layout":"","theme-transparent-header-meta":"","adv-header-id-meta":"","stick-header-meta":"","header-above-stick-meta":"","header-main-stick-meta":"","header-below-stick-meta":"","astra-migrate-meta-layouts":"default","ast-page-background-enabled":"default","ast-page-background-meta":{"desktop":{"background-color":"var(--ast-global-color-5)","background-image":"","background-repeat":"repeat","background-position":"center center","background-size":"auto","background-attachment":"scroll","background-type":"","background-media":"","overlay-type":"","overlay-color":"","overlay-opacity":"","overlay-gradient":""},"tablet":{"background-color":"","background-image":"","background-repeat":"repeat","background-position":"center center","background-size":"auto","background-attachment":"scroll","background-type":"","background-media":"","overlay-type":"","overlay-color":"","overlay-opacity":"","overlay-gradient":""},"mobile":{"background-color":"","background-image":"","background-repeat":"repeat","background-position":"center center","background-size":"auto","background-attachment":"scroll","background-type":"","background-media":"","overlay-type":"","overlay-color":"","overlay-opacity":"","overlay-gradient":""}},"ast-content-background-meta":{"desktop":{"background-color":"var(--ast-global-color-4)","background-image":"","background-repeat":"repeat","background-position":"center center","background-size":"auto","background-attachment":"scroll","background-type":"","background-media":"","overlay-type":"","overlay-color":"","overlay-opacity":"","overlay-gradient":""},"tablet":{"background-color":"var(--ast-global-color-4)","background-image":"","background-repeat":"repeat","background-position":"center center","background-size":"auto","background-attachment":"scroll","background-type":"","background-media":"","overlay-type":"","overlay-color":"","overlay-opacity":"","overlay-gradient":""},"mobile":{"background-color":"var(--ast-global-color-4)","background-image":"","background-repeat":"repeat","background-position":"center center","background-size":"auto","background-attachment":"scroll","background-type":"","background-media":"","overlay-type":"","overlay-color":"","overlay-opacity":"","overlay-gradient":""}},"footnotes":""},"class_list":["post-78","page","type-page","status-publish","hentry"],"_links":{"self":[{"href":"https:\/\/www.martialdurantplombiersevres.fr\/index.php\/wp-json\/wp\/v2\/pages\/78","targetHints":{"allow":["GET"]}}],"collection":[{"href":"https:\/\/www.martialdurantplombiersevres.fr\/index.php\/wp-json\/wp\/v2\/pages"}],"about":[{"href":"https:\/\/www.martialdurantplombiersevres.fr\/index.php\/wp-json\/wp\/v2\/types\/page"}],"author":[{"embeddable":true,"href":"https:\/\/www.martialdurantplombiersevres.fr\/index.php\/wp-json\/wp\/v2\/users\/1"}],"replies":[{"embeddable":true,"href":"https:\/\/www.martialdurantplombiersevres.fr\/index.php\/wp-json\/wp\/v2\/comments?post=78"}],"version-history":[{"count":10,"href":"https:\/\/www.martialdurantplombiersevres.fr\/index.php\/wp-json\/wp\/v2\/pages\/78\/revisions"}],"predecessor-version":[{"id":136,"href":"https:\/\/www.martialdurantplombiersevres.fr\/index.php\/wp-json\/wp\/v2\/pages\/78\/revisions\/136"}],"wp:attachment":[{"href":"https:\/\/www.martialdurantplombiersevres.fr\/index.php\/wp-json\/wp\/v2\/media?parent=78"}],"curies":[{"name":"wp","href":"https:\/\/api.w.org\/{rel}","templated":true}]}}